{"id":35,"date":"2025-04-26T09:25:58","date_gmt":"2025-04-26T07:25:58","guid":{"rendered":"http:\/\/wp1087291.server-he.de\/?page_id=35"},"modified":"2025-09-01T14:43:45","modified_gmt":"2025-09-01T12:43:45","slug":"partner","status":"publish","type":"page","link":"https:\/\/d2heatec.de\/index.php\/partner\/","title":{"rendered":"Die Partner von D\u00b2HeaTEC"},"content":{"rendered":"\n<p>Im Folgenden erhalten Sie eine \u00dcbersicht \u00fcber alle beteiligten Projektpartner und eine Kurzbeschreibung in deren T\u00e4tigkeitsfeld.<\/p>\n\n\n\n<div style=\"height:100px\" aria-hidden=\"true\" class=\"wp-block-spacer\"><\/div>\n\n\n\n<h2 class=\"wp-block-heading alignwide\">Rheinenergie<\/h2>\n\n\n\n<div class=\"wp-block-media-text alignwide has-media-on-the-right is-stacked-on-mobile\" style=\"grid-template-columns:auto 36%\"><div class=\"wp-block-media-text__content\">\n<p>Die RheinEnergie AG ist ein deutschlandweit aktiver Energiedienstleister mit starker Verankerung in K\u00f6ln. Sie steht f\u00fcr nachhaltige Quartiersentwicklung, \u00f6kologische Versorgungskonzepte und eine zukunftsf\u00e4hige W\u00e4rmeversorgung. Neben dem Ausbau und der Dekarbonisierung eines der gr\u00f6\u00dften Fernw\u00e4rmenetze Deutschlands engagiert sich RheinEnergie besonders im Bereich der nicht an Fernw\u00e4rme angeschlossenen Bestandsgeb\u00e4ude \u2013 mit innovativen L\u00f6sungen auf Basis erneuerbarer Energien, Mieterbeteiligung und intelligenten Regelungskonzepten.<\/p>\n\n\n\n<div class=\"wp-block-buttons is-layout-flex wp-block-buttons-is-layout-flex\">\n<div class=\"wp-block-button\"><a class=\"wp-block-button__link wp-element-button\" href=\"https:\/\/www.rheinenergie.com\/de\/\">zum Partner<\/a><\/div>\n<\/div>\n<\/div><figure class=\"wp-block-media-text__media\"><img fetchpriority=\"high\" decoding=\"async\" width=\"1024\" height=\"252\" src=\"http:\/\/wp1087291.server-he.de\/wp-content\/uploads\/2025\/06\/RheinEnergie_Logo.svg_-1024x252.png\" alt=\"\" class=\"wp-image-92 size-full\" srcset=\"https:\/\/d2heatec.de\/wp-content\/uploads\/2025\/06\/RheinEnergie_Logo.svg_-1024x252.png 1024w, https:\/\/d2heatec.de\/wp-content\/uploads\/2025\/06\/RheinEnergie_Logo.svg_-300x74.png 300w, https:\/\/d2heatec.de\/wp-content\/uploads\/2025\/06\/RheinEnergie_Logo.svg_-768x189.png 768w, https:\/\/d2heatec.de\/wp-content\/uploads\/2025\/06\/RheinEnergie_Logo.svg_-1536x379.png 1536w, https:\/\/d2heatec.de\/wp-content\/uploads\/2025\/06\/RheinEnergie_Logo.svg_-2048x505.png 2048w\" sizes=\"(max-width: 1024px) 100vw, 1024px\" \/><\/figure><\/div>\n\n\n\n<div class=\"wp-block-columns alignwide is-layout-flex wp-container-core-columns-is-layout-28f84493 wp-block-columns-is-layout-flex\">\n<div class=\"wp-block-column is-layout-flow wp-block-column-is-layout-flow\" style=\"flex-basis:100%\"><\/div>\n<\/div>\n\n\n\n<h2 class=\"wp-block-heading alignwide\">Karlsruher Institut f\u00fcr Technologie<\/h2>\n\n\n\n<div class=\"wp-block-columns alignwide is-layout-flex wp-container-core-columns-is-layout-28f84493 wp-block-columns-is-layout-flex\">\n<div class=\"wp-block-column is-layout-flow wp-block-column-is-layout-flow\" style=\"flex-basis:100%\">\n<div class=\"wp-block-media-text has-media-on-the-right is-stacked-on-mobile\" style=\"grid-template-columns:auto 35%\"><div class=\"wp-block-media-text__content\">\n<p>Das Karlsruher Institut f\u00fcr Technologie (KIT) geh\u00f6rt zu den f\u00fchrenden Forschungs- und Lehreinrichtungen in Deutschland. Als \u201eDie Forschungsuniversit\u00e4t in der Helmholtz-Gemeinschaft\u201c verbindet das KIT universit\u00e4r gepr\u00e4gte Lehre mit anwendungsorientierter Spitzenforschung. Besonders in den Bereichen Energie, Digitalisierung und nachhaltige Entwicklung ist das KIT national und international sehr gut vernetzt und engagiert sich f\u00fcr L\u00f6sungen, die den gesellschaftlichen Wandel aktiv mitgestalten. Das Projekt wird von den Instituten IRS und WIN vorangetrieben.<\/p>\n<\/div><figure class=\"wp-block-media-text__media\"><img decoding=\"async\" width=\"418\" height=\"209\" src=\"http:\/\/wp1087291.server-he.de\/wp-content\/uploads\/2025\/06\/Logo_KIT.svg_-4.png\" alt=\"\" class=\"wp-image-116 size-full\" srcset=\"https:\/\/d2heatec.de\/wp-content\/uploads\/2025\/06\/Logo_KIT.svg_-4.png 418w, https:\/\/d2heatec.de\/wp-content\/uploads\/2025\/06\/Logo_KIT.svg_-4-300x150.png 300w\" sizes=\"(max-width: 418px) 100vw, 418px\" \/><\/figure><\/div>\n\n\n\n<div class=\"wp-block-media-text has-media-on-the-right is-stacked-on-mobile\" style=\"grid-template-columns:auto 19%\"><div class=\"wp-block-media-text__content\">\n<p>Institut f\u00fcr Wirtschaftsinformatik (WIN)<\/p>\n\n\n\n<p>Am Institut f\u00fcr Wirtschaftsinformatik erforscht das Team von Prof. Dr. Christof Weinhardt, wie digitale M\u00e4rkte und neue Koordinationsmechanismen gestaltet werden k\u00f6nnen \u2013 etwa f\u00fcr den Energiemarkt der Zukunft. Die Forschungsgruppe \u201eSmart Grids and Energy Markets\u201c entwickelt innovative Ans\u00e4tze, um Energienachfrage und -angebot intelligenter zu verkn\u00fcpfen und so die Energiewende effizient voranzutreiben. Dabei spielt die Digitalisierung eine zentrale Rolle, insbesondere bei der Gestaltung von Plattformen und Schnittstellen f\u00fcr Verbraucherinnen und Verbraucher.<\/p>\n\n\n\n<div class=\"wp-block-buttons is-layout-flex wp-block-buttons-is-layout-flex\">\n<div class=\"wp-block-button\"><a class=\"wp-block-button__link wp-element-button\" href=\"https:\/\/im.win.kit.edu\/index.php\">zum Partner<\/a><\/div>\n<\/div>\n<\/div><figure class=\"wp-block-media-text__media\"><img decoding=\"async\" width=\"644\" height=\"387\" src=\"http:\/\/wp1087291.server-he.de\/wp-content\/uploads\/2025\/06\/win_logo_en_transparent-1.png\" alt=\"\" class=\"wp-image-113 size-full\" srcset=\"https:\/\/d2heatec.de\/wp-content\/uploads\/2025\/06\/win_logo_en_transparent-1.png 644w, https:\/\/d2heatec.de\/wp-content\/uploads\/2025\/06\/win_logo_en_transparent-1-300x180.png 300w\" sizes=\"(max-width: 644px) 100vw, 644px\" \/><\/figure><\/div>\n\n\n\n<div class=\"wp-block-media-text has-media-on-the-right is-stacked-on-mobile\" style=\"grid-template-columns:auto 23%\"><div class=\"wp-block-media-text__content\">\n<p>Institut f\u00fcr Regelungs- und Steuerungssysteme (IRS)<\/p>\n\n\n\n<p>Im Institut f\u00fcr Regelungs- und Steuerungssysteme (IRS) engagieren sich der Lehrstuhl Regelungs- und Steuerungssysteme unter Prof. Dr.-Ing. S\u00f6ren Hohmann sowie der Lehrstuhl f\u00fcr Vernetzte sichere Automatisierungstechnik unter Prof. Dr.-Ing. Mike Barth. W\u00e4hrend Prof. Hohmanns Team sich auf die automatisierte Steuerung komplexer technischer Systeme, insbesondere im Bereich thermischer Infrastrukturen und Nahw\u00e4rmenetze, fokussiert, widmet sich Prof. Barths Lehrstuhl vernetzten und sicheren Automatisierungsl\u00f6sungen, digitalen Zwillingen und Building Automation. Gemeinsam decken diese Lehrst\u00fchle die gesamte Bandbreite von Mess\u2011 und Datenerfassung \u00fcber Modellbildung und Simulation bis hin zur Betriebsf\u00fchrung und technischen Umsetzung in Quartieren ab. Dadurch schaffen sie die technischen Grundlagen f\u00fcr eine effiziente, flexible und klimafreundliche W\u00e4rmeversorgung.<\/p>\n\n\n\n<div class=\"wp-block-buttons is-layout-flex wp-block-buttons-is-layout-flex\">\n<div class=\"wp-block-button\"><a class=\"wp-block-button__link wp-element-button\" href=\"https:\/\/www.irs.kit.edu\/Institute.php\">zum Partner<\/a><\/div>\n<\/div>\n<\/div><figure class=\"wp-block-media-text__media\"><img loading=\"lazy\" decoding=\"async\" width=\"931\" height=\"421\" src=\"https:\/\/d2heatec.de\/wp-content\/uploads\/2025\/09\/IRS_logo.png\" alt=\"\" class=\"wp-image-214 size-full\" srcset=\"https:\/\/d2heatec.de\/wp-content\/uploads\/2025\/09\/IRS_logo.png 931w, https:\/\/d2heatec.de\/wp-content\/uploads\/2025\/09\/IRS_logo-300x136.png 300w, https:\/\/d2heatec.de\/wp-content\/uploads\/2025\/09\/IRS_logo-768x347.png 768w\" sizes=\"(max-width: 931px) 100vw, 931px\" \/><\/figure><\/div>\n<\/div>\n<\/div>\n\n\n\n<div style=\"height:100px\" aria-hidden=\"true\" class=\"wp-block-spacer\"><\/div>\n\n\n\n<h2 class=\"wp-block-heading alignwide\">ASEW<\/h2>\n\n\n\n<div class=\"wp-block-columns alignwide is-layout-flex wp-container-core-columns-is-layout-28f84493 wp-block-columns-is-layout-flex\">\n<div class=\"wp-block-column is-layout-flow wp-block-column-is-layout-flow\" style=\"flex-basis:100%\">\n<div class=\"wp-block-media-text has-media-on-the-right is-stacked-on-mobile\" style=\"grid-template-columns:auto 22%\"><div class=\"wp-block-media-text__content\">\n<p>Die ASEW \u2013 Arbeitsgemeinschaft f\u00fcr sparsame Energie- und Wasserverwendung e. V. \u2013 ist eine bundesweit t\u00e4tige Organisation, die sich seit Jahrzehnten f\u00fcr Energie- und Wassereffizienz einsetzt. Ihr Ziel ist es, den bewussten und nachhaltigen Umgang mit Ressourcen in Industrie, Gewerbe und \u00f6ffentlichen Einrichtungen zu f\u00f6rdern. Dazu unterst\u00fctzt die ASEW mit Fachwissen, Beratung und Informationsangeboten Unternehmen und Kommunen dabei, Energie- und Wasserverbrauch zu reduzieren, Kosten zu senken und Umweltbelastungen zu minimieren. Die ASEW versteht sich als Schnittstelle zwischen Praxis, Wissenschaft und Politik und tr\u00e4gt so ma\u00dfgeblich zur F\u00f6rderung nachhaltiger Technologien und Verhaltensweisen bei.<\/p>\n\n\n\n<div class=\"wp-block-buttons is-layout-flex wp-block-buttons-is-layout-flex\">\n<div class=\"wp-block-button\"><a class=\"wp-block-button__link wp-element-button\" href=\"https:\/\/www.asew.de\/\">zum Partner<\/a><\/div>\n<\/div>\n<\/div><figure class=\"wp-block-media-text__media\"><img loading=\"lazy\" decoding=\"async\" width=\"200\" height=\"200\" src=\"http:\/\/wp1087291.server-he.de\/wp-content\/uploads\/2025\/06\/stadtwerke_netzwerk_asew_logo.jpg\" alt=\"\" class=\"wp-image-119 size-full\" srcset=\"https:\/\/d2heatec.de\/wp-content\/uploads\/2025\/06\/stadtwerke_netzwerk_asew_logo.jpg 200w, https:\/\/d2heatec.de\/wp-content\/uploads\/2025\/06\/stadtwerke_netzwerk_asew_logo-150x150.jpg 150w\" sizes=\"(max-width: 200px) 100vw, 200px\" \/><\/figure><\/div>\n<\/div>\n<\/div>\n\n\n\n<p><\/p>\n","protected":false},"excerpt":{"rendered":"<p>Im Folgenden erhalten Sie eine \u00dcbersicht \u00fcber alle beteiligten Projektpartner und eine Kurzbeschreibung in deren T\u00e4tigkeitsfeld. Rheinenergie Karlsruher Institut f\u00fcr Technologie Das Karlsruher Institut f\u00fcr Technologie (KIT) geh\u00f6rt zu den f\u00fchrenden Forschungs- und Lehreinrichtungen in Deutschland. Als \u201eDie Forschungsuniversit\u00e4t in der Helmholtz-Gemeinschaft\u201c verbindet das KIT universit\u00e4r gepr\u00e4gte Lehre mit anwendungsorientierter Spitzenforschung. Besonders in den Bereichen [&hellip;]<\/p>\n","protected":false},"author":1,"featured_media":0,"parent":0,"menu_order":0,"comment_status":"closed","ping_status":"closed","template":"","meta":{"footnotes":""},"class_list":["post-35","page","type-page","status-publish","hentry"],"_links":{"self":[{"href":"https:\/\/d2heatec.de\/index.php\/wp-json\/wp\/v2\/pages\/35","targetHints":{"allow":["GET"]}}],"collection":[{"href":"https:\/\/d2heatec.de\/index.php\/wp-json\/wp\/v2\/pages"}],"about":[{"href":"https:\/\/d2heatec.de\/index.php\/wp-json\/wp\/v2\/types\/page"}],"author":[{"embeddable":true,"href":"https:\/\/d2heatec.de\/index.php\/wp-json\/wp\/v2\/users\/1"}],"replies":[{"embeddable":true,"href":"https:\/\/d2heatec.de\/index.php\/wp-json\/wp\/v2\/comments?post=35"}],"version-history":[{"count":12,"href":"https:\/\/d2heatec.de\/index.php\/wp-json\/wp\/v2\/pages\/35\/revisions"}],"predecessor-version":[{"id":215,"href":"https:\/\/d2heatec.de\/index.php\/wp-json\/wp\/v2\/pages\/35\/revisions\/215"}],"wp:attachment":[{"href":"https:\/\/d2heatec.de\/index.php\/wp-json\/wp\/v2\/media?parent=35"}],"curies":[{"name":"wp","href":"https:\/\/api.w.org\/{rel}","templated":true}]}}