{"id":20,"date":"2025-04-25T18:06:05","date_gmt":"2025-04-25T16:06:05","guid":{"rendered":"http:\/\/wp1087291.server-he.de\/?page_id=20"},"modified":"2025-04-26T18:17:40","modified_gmt":"2025-04-26T16:17:40","slug":"faq","status":"publish","type":"page","link":"https:\/\/d2heatec.de\/index.php\/faq\/","title":{"rendered":"FAQ"},"content":{"rendered":"\n<div class=\"wp-block-group alignfull has-global-padding is-layout-constrained wp-block-group-is-layout-constrained\" style=\"margin-top:0;margin-bottom:0\">\n<div class=\"wp-block-group alignwide is-layout-flow wp-container-core-group-is-layout-d58a0413 wp-block-group-is-layout-flow\" style=\"padding-top:var(--wp--preset--spacing--50);padding-bottom:var(--wp--preset--spacing--50)\">\n\n\n<div class=\"wp-block-columns is-layout-flex wp-container-core-columns-is-layout-cbe57604 wp-block-columns-is-layout-flex\">\n<div class=\"wp-block-column is-layout-flow wp-block-column-is-layout-flow\">\n<div class=\"wp-block-group is-layout-flow wp-block-group-is-layout-flow\" style=\"border-top-color:var(--wp--preset--color--accent-6);border-top-width:1px;padding-top:var(--wp--preset--spacing--30);padding-bottom:var(--wp--preset--spacing--30)\">\n<details class=\"wp-block-details is-layout-flow wp-block-details-is-layout-flow\"><summary>Worum geht es bei D\u00b2HeaTEC?<\/summary>\n<p>D\u00b2HeaTEC ist ein Forschungsprojekt zur umweltfreundlichen W\u00e4rmeversorgung in bestehenden Wohngebieten. Wir entwickeln und testen neue Wege, um Ihre Heizung klimafreundlicher und kosteng\u00fcnstiger zu betreiben, ohne dabei auf Komfort zu verzichten.<\/p>\n<\/details>\n<\/div>\n<\/div>\n\n\n\n<div class=\"wp-block-column is-layout-flow wp-block-column-is-layout-flow\">\n<div class=\"wp-block-group is-layout-flow wp-block-group-is-layout-flow\" style=\"border-top-color:var(--wp--preset--color--accent-6);border-top-width:1px;padding-top:var(--wp--preset--spacing--30);padding-bottom:var(--wp--preset--spacing--30)\">\n<details class=\"wp-block-details is-layout-flow wp-block-details-is-layout-flow\"><summary>Was ist das Ziel des Forschungsprojekts?<\/summary>\n<p>Das Projekt m\u00f6chte herausfinden, wie wir Wohngebiete am besten mit klimafreundlicher W\u00e4rme versorgen k\u00f6nnen. Dabei entwickeln wir eine App, mit der Sie Ihren W\u00e4rmeverbrauch einsehen und steuern k\u00f6nnen, und testen neue Anreizsysteme, die das Heizen effizienter und nachhaltiger machen sollen.<\/p>\n<\/details>\n<\/div>\n<\/div>\n<\/div>\n\n\n\n<div class=\"wp-block-columns is-layout-flex wp-container-core-columns-is-layout-cbe57604 wp-block-columns-is-layout-flex\">\n<div class=\"wp-block-column is-layout-flow wp-block-column-is-layout-flow\">\n<div class=\"wp-block-group is-layout-flow wp-block-group-is-layout-flow\" style=\"border-top-color:var(--wp--preset--color--accent-6);border-top-width:1px;padding-top:var(--wp--preset--spacing--30);padding-bottom:var(--wp--preset--spacing--30)\">\n<details class=\"wp-block-details is-layout-flow wp-block-details-is-layout-flow\"><summary>Was sind die Teilnahmevoraussetzungen?<\/summary>\n<p>Wenn Sie in den Wohngebieten Vogesenstra\u00dfe der WSK oder dem der Aachener in der Alzeyerstra\u00dfe, Escher Stra\u00dfe oder Rockenhauser Stra\u00dfe in K\u00f6ln-Bilderst\u00f6ckchen wohnen, k\u00f6nnen Sie teilnehmen. Dazu m\u00fcssen Sie sich bereit erkl\u00e4ren, dass wir die f\u00fcr das Projekt vorgesehenen smarten Heizk\u00e4ufe installieren und Sie die dazugeh\u00f6rige App nutzen. Ihnen entstehen dadurch keine Kosten.<\/p>\n<\/details>\n<\/div>\n<\/div>\n\n\n\n<div class=\"wp-block-column is-layout-flow wp-block-column-is-layout-flow\">\n<div class=\"wp-block-group is-layout-flow wp-block-group-is-layout-flow\" style=\"border-top-color:var(--wp--preset--color--accent-6);border-top-width:1px;padding-top:var(--wp--preset--spacing--30);padding-bottom:var(--wp--preset--spacing--30)\">\n<details class=\"wp-block-details is-layout-flow wp-block-details-is-layout-flow\"><summary>Wie lange ist f\u00fcr mich die Laufzeit des Projekts?<\/summary>\n<p>Mit Abschluss der Teilnehmer:innenvereinbarung startet das Projekt f\u00fcr Sie.&nbsp;Nach Ihrer Anmeldung dauert Ihre Teilnahme voraussichtlich etwa zwei Jahre. Die genaue Dauer teilen wir Ihnen bei der Anmeldung mit.<\/p>\n<\/details>\n<\/div>\n<\/div>\n<\/div>\n\n\n\n<div class=\"wp-block-columns is-layout-flex wp-container-core-columns-is-layout-cbe57604 wp-block-columns-is-layout-flex\">\n<div class=\"wp-block-column is-layout-flow wp-block-column-is-layout-flow\">\n<div class=\"wp-block-group is-layout-flow wp-block-group-is-layout-flow\" style=\"border-top-color:var(--wp--preset--color--accent-6);border-top-width:1px;padding-top:var(--wp--preset--spacing--30);padding-bottom:var(--wp--preset--spacing--30)\">\n<details class=\"wp-block-details is-layout-flow wp-block-details-is-layout-flow\"><summary>Wie kann ich mit meiner Teilnahme die Energiewende mitgestalten?<\/summary>\n<p>Ihre Teilnahme ist sehr wertvoll! Sie helfen uns, herauszufinden, wie wir Wohngebiete k\u00fcnftig klimafreundlich mit W\u00e4rme versorgen k\u00f6nnen. Ihre Erfahrungen und R\u00fcckmeldungen flie\u00dfen direkt in die Entwicklung von L\u00f6sungen ein, die sp\u00e4ter in ganz Deutschland eingesetzt werden k\u00f6nnten.<\/p>\n<\/details>\n<\/div>\n<\/div>\n\n\n\n<div class=\"wp-block-column is-layout-flow wp-block-column-is-layout-flow\">\n<div class=\"wp-block-group is-layout-flow wp-block-group-is-layout-flow\" style=\"border-top-color:var(--wp--preset--color--accent-6);border-top-width:1px;padding-top:var(--wp--preset--spacing--30);padding-bottom:var(--wp--preset--spacing--30)\">\n<details class=\"wp-block-details is-layout-flow wp-block-details-is-layout-flow\"><summary>Wie kann ich teilnehmen?<\/summary>\n<p>Wenn Sie in den Wohngebieten Vogesenstra\u00dfe der WSK oder dem der Aachener in der Alzeyerstra\u00dfe, Escher Stra\u00dfe oder Rockenhauser Stra\u00dfe in K\u00f6ln-Bilderst\u00f6ckchen wohnen, k\u00f6nnen Sie teilnehmen. Sie erhalten demn\u00e4chst eine Einladung per Post oder E-Mail. Au\u00dferdem findet eine Informationsveranstaltung statt, bei der Sie alle Fragen stellen k\u00f6nnen.<\/p>\n<\/details>\n<\/div>\n<\/div>\n<\/div>\n\n\n\n<div class=\"wp-block-columns is-layout-flex wp-container-core-columns-is-layout-cbe57604 wp-block-columns-is-layout-flex\">\n<div class=\"wp-block-column is-layout-flow wp-block-column-is-layout-flow\">\n<div class=\"wp-block-group is-layout-flow wp-block-group-is-layout-flow\" style=\"border-top-color:var(--wp--preset--color--accent-6);border-top-width:1px;padding-top:var(--wp--preset--spacing--30);padding-bottom:var(--wp--preset--spacing--30)\">\n<details class=\"wp-block-details is-layout-flow wp-block-details-is-layout-flow\"><summary>Was f\u00fcr ein Mehraufwand entsteht f\u00fcr mich?<\/summary>\n<p>Wir installieren in Ihrer Wohnung kostenlos intelligente Heizk\u00f6rperthermostate. Sie bekommen eine App, mit der Sie Ihren W\u00e4rmeverbrauch \u00fcberwachen k\u00f6nnen. Gelegentlich bitten wir Sie um Feedback \u00fcber die App oder in kurzen Umfragen. Der Zeitaufwand ist minimal und Sie profitieren von einer besseren Kontrolle Ihrer Heizung und einer Aufwandsentsch\u00e4digung.<\/p>\n<\/details>\n<\/div>\n<\/div>\n\n\n\n<div class=\"wp-block-column is-layout-flow wp-block-column-is-layout-flow\">\n<div class=\"wp-block-group is-layout-flow wp-block-group-is-layout-flow\" style=\"border-top-color:var(--wp--preset--color--accent-6);border-top-width:1px;padding-top:var(--wp--preset--spacing--30);padding-bottom:var(--wp--preset--spacing--30)\">\n<details class=\"wp-block-details is-layout-flow wp-block-details-is-layout-flow\"><summary>Was \u00e4ndert sich f\u00fcr mich in der Abrechnung und im Vertrag?<\/summary>\n<p>F\u00fcr Sie \u00e4ndert sich in der Abrechnung nichts. Durch effizientes Verbrauchsverhalten ist es f\u00fcr Sie sogar m\u00f6glich eine zus\u00e4tzliche finanzielle Gutschrift zu erhalten.<\/p>\n<\/details>\n<\/div>\n<\/div>\n<\/div>\n\n\n\n<div class=\"wp-block-columns is-layout-flex wp-container-core-columns-is-layout-cbe57604 wp-block-columns-is-layout-flex\">\n<div class=\"wp-block-column is-layout-flow wp-block-column-is-layout-flow\">\n<div class=\"wp-block-group is-layout-flow wp-block-group-is-layout-flow\" style=\"border-top-color:var(--wp--preset--color--accent-6);border-top-width:1px;padding-top:var(--wp--preset--spacing--30);padding-bottom:var(--wp--preset--spacing--30)\">\n<details class=\"wp-block-details is-layout-flow wp-block-details-is-layout-flow\"><summary>Ist es m\u00f6glich die Teilnahme zu unterbrechen?<\/summary>\n<p>Ja, Sie k\u00f6nnen auf Wunsch die Teilnahme jederzeit unter- oder abbrechen. Allerdings ist unser Interesse mit jedem Kunden das Projekt erfolgreich abzuschlie\u00dfen. Daher stehen wir Ihnen bei Unklarheiten oder Fragen jederzeit pers\u00f6nlich zur Verf\u00fcgung.<\/p>\n<\/details>\n<\/div>\n<\/div>\n\n\n\n<div class=\"wp-block-column is-layout-flow wp-block-column-is-layout-flow\">\n<div class=\"wp-block-group is-layout-flow wp-block-group-is-layout-flow\" style=\"border-top-color:var(--wp--preset--color--accent-6);border-top-width:1px;padding-top:var(--wp--preset--spacing--30);padding-bottom:var(--wp--preset--spacing--30)\">\n<details class=\"wp-block-details is-layout-flow wp-block-details-is-layout-flow\"><summary>Mit welchen Projektpartnern habe ich Kontakt?<\/summary>\n<p>Sie haben haupts\u00e4chlich Kontakt mit Mitarbeitern der RheinEnergie AG, die f\u00fcr die Installation und den Betrieb der Technik zust\u00e4ndig sind, sowie mit dem Forschungsteam des Karlsruher Instituts f\u00fcr Technologie (KIT), das die App und die Begleitforschung betreut.<\/p>\n<\/details>\n<\/div>\n<\/div>\n<\/div>\n\n\n\n<div class=\"wp-block-columns is-layout-flex wp-container-core-columns-is-layout-cbe57604 wp-block-columns-is-layout-flex\">\n<div class=\"wp-block-column is-layout-flow wp-block-column-is-layout-flow\">\n<div class=\"wp-block-group is-layout-flow wp-block-group-is-layout-flow\" style=\"border-top-color:var(--wp--preset--color--accent-6);border-top-width:1px;padding-top:var(--wp--preset--spacing--30);padding-bottom:var(--wp--preset--spacing--30)\">\n<details class=\"wp-block-details is-layout-flow wp-block-details-is-layout-flow\"><summary>Was sind die ersten Schritte des Projektes?<\/summary>\n<ol class=\"wp-block-list\">\n<li>Informationsveranstaltung in Ihrem Wohngebiet <\/li>\n\n\n\n<li>Ihre Anmeldung zum Projekt <\/li>\n\n\n\n<li>Installation der intelligenten Heizk\u00f6rperthermostate<\/li>\n\n\n\n<li>Download und Einrichtung der App <\/li>\n\n\n\n<li>Beginn der Datenerfassung und erste Energiespartipps<\/li>\n<\/ol>\n<\/details>\n<\/div>\n<\/div>\n\n\n\n<div class=\"wp-block-column is-layout-flow wp-block-column-is-layout-flow\">\n<div class=\"wp-block-group is-layout-flow wp-block-group-is-layout-flow\" style=\"border-top-color:var(--wp--preset--color--accent-6);border-top-width:1px;padding-top:var(--wp--preset--spacing--30);padding-bottom:var(--wp--preset--spacing--30)\">\n<details class=\"wp-block-details is-layout-flow wp-block-details-is-layout-flow\"><summary>Werden f\u00fcr mich als Teilnehmer:in Zusatzkosten entstehen?<\/summary>\n<p>Nein, es entstehen keine Zusatzkosten. Im Gegenteil: Als Dankesch\u00f6n f\u00fcr Ihre Teilnahme erhalten Sie eine Aufwandsentsch\u00e4digung von 75\u20ac. Au\u00dferdem k\u00f6nnen Sie durch die Energiespartipps und unser Anreizsystem voraussichtlich Heizkosten sparen.<\/p>\n<\/details>\n<\/div>\n<\/div>\n<\/div>\n\n\n\n<div class=\"wp-block-columns is-layout-flex wp-container-core-columns-is-layout-cbe57604 wp-block-columns-is-layout-flex\">\n<div class=\"wp-block-column is-layout-flow wp-block-column-is-layout-flow\">\n<div class=\"wp-block-group is-layout-flow wp-block-group-is-layout-flow\" style=\"border-top-color:var(--wp--preset--color--accent-6);border-top-width:1px;padding-top:var(--wp--preset--spacing--30);padding-bottom:var(--wp--preset--spacing--30)\">\n<details class=\"wp-block-details is-layout-flow wp-block-details-is-layout-flow\"><summary>Was ist die Vision von D\u00b2HeaTEC \u00fcber das Projektende hinaus?<\/summary>\n<p>Langfristig m\u00f6chten wir mit diesem Projekt einen Beitrag zum Klimaschutz leisten. Die Erkenntnisse sollen dabei helfen, Wohngebiete in ganz Deutschland klimafreundlicher mit W\u00e4rme zu versorgen. F\u00fcr Sie als Bewohner k\u00f6nnte dies in Zukunft niedrigere Heizkosten, mehr Komfort und ein besseres Raumklima bedeuten.<\/p>\n<\/details>\n<\/div>\n<\/div>\n\n\n\n<div class=\"wp-block-column is-layout-flow wp-block-column-is-layout-flow\">\n<div class=\"wp-block-group is-layout-flow wp-block-group-is-layout-flow\" style=\"border-top-color:var(--wp--preset--color--accent-6);border-top-width:1px;padding-top:var(--wp--preset--spacing--30);padding-bottom:var(--wp--preset--spacing--30)\">\n<details class=\"wp-block-details is-layout-flow wp-block-details-is-layout-flow\"><summary>Welche Empfehlungen der Smartphone App kann ich erwarten?<\/summary>\n<p>Die App zeigt Ihnen:<\/p>\n\n\n\n<ul class=\"wp-block-list\">\n<li>Informationen \u00fcber g\u00fcnstige Heizzeiten<\/li>\n\n\n\n<li>Wie viel W\u00e4rme Sie verbrauchen<\/li>\n\n\n\n<li>Tipps zum Energiesparen, die auf Ihre Wohnung zugeschnitten sind<\/li>\n\n\n\n<li>Hinweise zum richtigen L\u00fcften<\/li>\n\n\n\n<li>Vorschl\u00e4ge zur optimalen Einstellung Ihrer Heizung<\/li>\n<\/ul>\n<\/details>\n<\/div>\n<\/div>\n<\/div>\n<\/div>\n<\/div>\n\n\n\n<p><\/p>\n","protected":false},"excerpt":{"rendered":"","protected":false},"author":1,"featured_media":0,"parent":0,"menu_order":0,"comment_status":"closed","ping_status":"closed","template":"","meta":{"footnotes":""},"class_list":["post-20","page","type-page","status-publish","hentry"],"_links":{"self":[{"href":"https:\/\/d2heatec.de\/index.php\/wp-json\/wp\/v2\/pages\/20","targetHints":{"allow":["GET"]}}],"collection":[{"href":"https:\/\/d2heatec.de\/index.php\/wp-json\/wp\/v2\/pages"}],"about":[{"href":"https:\/\/d2heatec.de\/index.php\/wp-json\/wp\/v2\/types\/page"}],"author":[{"embeddable":true,"href":"https:\/\/d2heatec.de\/index.php\/wp-json\/wp\/v2\/users\/1"}],"replies":[{"embeddable":true,"href":"https:\/\/d2heatec.de\/index.php\/wp-json\/wp\/v2\/comments?post=20"}],"version-history":[{"count":16,"href":"https:\/\/d2heatec.de\/index.php\/wp-json\/wp\/v2\/pages\/20\/revisions"}],"predecessor-version":[{"id":73,"href":"https:\/\/d2heatec.de\/index.php\/wp-json\/wp\/v2\/pages\/20\/revisions\/73"}],"wp:attachment":[{"href":"https:\/\/d2heatec.de\/index.php\/wp-json\/wp\/v2\/media?parent=20"}],"curies":[{"name":"wp","href":"https:\/\/api.w.org\/{rel}","templated":true}]}}